{"id":13,"date":"2021-01-22T08:55:49","date_gmt":"2021-01-22T08:55:49","guid":{"rendered":"https:\/\/suvarto.de\/?post_type=product&#038;p=13"},"modified":"2021-01-24T17:23:06","modified_gmt":"2021-01-24T17:23:06","slug":"bio-sumatra-250g-de-oeko-006-womens-coop","status":"publish","type":"product","link":"https:\/\/suvarto.de\/?product=bio-sumatra-250g-de-oeko-006-womens-coop","title":{"rendered":"BIO Sumatra (250g) (DE-\u00d6KO 006) Women&#8217;s Coop"},"content":{"rendered":"<p>Ein semi-washed Kaffee von der indonesichen Insel Sumatra, aus der im Norden der Insel liegenden Provinz Aceh. Die D\u00f6rfer Bintang und Kebayakan liegen auf ca. 1.100m H\u00f6he \u00fcber dem Meeresspiegel entlang des Sees Laut Tawar umgeben von gr\u00fcnen Bergen. Hier bewirtschaften 300 Farmerinnen ca. 340 ha Land mit Kaffeepflanzen. Diese Frauen sind in der Cooperative Ara Aras Awali organisiert. Man bem\u00fcht sich hier sehr, die Labensverh\u00e4ltnisse der Farmer durch finanzielle Unabh\u00e4ngigkeit zu stabilisieren. Ein wichtiger Punkt dabei ist die Schulung der Farmerinnen in technischen Dingen, admit sie ihre Produktiovit\u00e4t erh\u00f6hen k\u00f6nnen. Au\u00dferdem werden einige Frauen in Themen wir F\u00fchrungskr\u00e4ftetraining geschult, dadurch m\u00f6chte man auch langfristig Stabilit\u00e4t und Wachstum der Kooperative bewirken.<\/p>\n<p>Die Kaffeeproduktion hat in Indonesien eine \u00fcber 300 Jahre lange Tradition und wurde betr\u00e4chtlich beeinflusst durch die Kolonialisation. 92% der indonesichen Kaffeeproduktion liegt in den H\u00e4nden kleiner Bauern.<\/p>\n<p>Aroma:w\u00fcrzig-aromatisch, weich, leicht fruchtig<\/p>\n","protected":false},"excerpt":{"rendered":"<p>Ein semi-washed Kaffee von der indonesichen Insel Sumatra, aus der im Norden der Insel liegenden Provinz Aceh. Die D\u00f6rfer Bintang und Kebayakan liegen auf ca. 1.100m H\u00f6he \u00fcber dem Meeresspiegel entlang des Sees Laut Tawar umgeben von gr\u00fcnen Bergen. Hier bewirtschaften 300 Farmerinnen ca. 340 ha Land mit Kaffeepflanzen. Diese Frauen sind in der Cooperative [&hellip;]<\/p>\n","protected":false},"featured_media":15,"comment_status":"open","ping_status":"closed","template":"","meta":[],"product_brand":[],"product_cat":[16,17],"product_tag":[],"class_list":{"0":"post-13","1":"product","2":"type-product","3":"status-publish","4":"has-post-thumbnail","6":"product_cat-kaffee","7":"product_cat-sortenrein","9":"first","10":"instock","11":"taxable","12":"shipping-taxable","13":"purchasable","14":"product-type-simple"},"_links":{"self":[{"href":"https:\/\/suvarto.de\/index.php?rest_route=\/wp\/v2\/product\/13","targetHints":{"allow":["GET"]}}],"collection":[{"href":"https:\/\/suvarto.de\/index.php?rest_route=\/wp\/v2\/product"}],"about":[{"href":"https:\/\/suvarto.de\/index.php?rest_route=\/wp\/v2\/types\/product"}],"replies":[{"embeddable":true,"href":"https:\/\/suvarto.de\/index.php?rest_route=%2Fwp%2Fv2%2Fcomments&post=13"}],"wp:featuredmedia":[{"embeddable":true,"href":"https:\/\/suvarto.de\/index.php?rest_route=\/wp\/v2\/media\/15"}],"wp:attachment":[{"href":"https:\/\/suvarto.de\/index.php?rest_route=%2Fwp%2Fv2%2Fmedia&parent=13"}],"wp:term":[{"taxonomy":"product_brand","embeddable":true,"href":"https:\/\/suvarto.de\/index.php?rest_route=%2Fwp%2Fv2%2Fproduct_brand&post=13"},{"taxonomy":"product_cat","embeddable":true,"href":"https:\/\/suvarto.de\/index.php?rest_route=%2Fwp%2Fv2%2Fproduct_cat&post=13"},{"taxonomy":"product_tag","embeddable":true,"href":"https:\/\/suvarto.de\/index.php?rest_route=%2Fwp%2Fv2%2Fproduct_tag&post=13"}],"curies":[{"name":"wp","href":"https:\/\/api.w.org\/{rel}","templated":true}]}}